{"id":50,"date":"2023-07-13T10:57:54","date_gmt":"2023-07-13T08:57:54","guid":{"rendered":"https:\/\/www.500diables.com\/tentes-bulles\/?page_id=50"},"modified":"2025-06-07T15:25:11","modified_gmt":"2025-06-07T13:25:11","slug":"mentions-legales","status":"publish","type":"page","link":"https:\/\/www.500diables.com\/tentes-bulles\/mentions-legales\/","title":{"rendered":"Mentions l\u00e9gales"},"content":{"rendered":"\t\t<div data-elementor-type=\"wp-page\" data-elementor-id=\"50\" class=\"elementor elementor-50\" data-elementor-post-type=\"page\">\n\t\t\t\t\t\t\t\t\t<section data-particle_enable=\"false\" data-particle-mobile-disabled=\"false\" class=\"elementor-section elementor-top-section elementor-element elementor-element-94d63f3 elementor-section-boxed elementor-section-height-default elementor-section-height-default\" data-id=\"94d63f3\" data-element_type=\"section\">\n\t\t\t\t\t\t<div class=\"elementor-container elementor-column-gap-default\">\n\t\t\t\t\t<div class=\"elementor-column elementor-col-100 elementor-top-column elementor-element elementor-element-a966bb2\" data-id=\"a966bb2\" data-element_type=\"column\">\n\t\t\t<div class=\"elementor-widget-wrap elementor-element-populated\">\n\t\t\t\t\t\t\t\t<div class=\"elementor-element elementor-element-d086bb4 elementor-widget elementor-widget-text-editor\" data-id=\"d086bb4\" data-element_type=\"widget\" data-widget_type=\"text-editor.default\">\n\t\t\t\t<div class=\"elementor-widget-container\">\n\t\t\t<style>\/*! elementor - v3.14.0 - 26-06-2023 *\/\n.elementor-widget-text-editor.elementor-drop-cap-view-stacked .elementor-drop-cap{background-color:#69727d;color:#fff}.elementor-widget-text-editor.elementor-drop-cap-view-framed .elementor-drop-cap{color:#69727d;border:3px solid;background-color:transparent}.elementor-widget-text-editor:not(.elementor-drop-cap-view-default) .elementor-drop-cap{margin-top:8px}.elementor-widget-text-editor:not(.elementor-drop-cap-view-default) .elementor-drop-cap-letter{width:1em;height:1em}.elementor-widget-text-editor .elementor-drop-cap{float:left;text-align:center;line-height:1;font-size:50px}.elementor-widget-text-editor .elementor-drop-cap-letter{display:inline-block}<\/style>\t\t\t\t<div style=\"\"><div class=\" header\"><\/div><div class=\" footer\">\n\t<\/div><div class=\" firstHeader\"><\/div><div class=\" firstFooter\">\n\t<\/div><div>\n\t<p style=\"text-align:center;\"><br><br><strong>POLITIQUE DE CONFIDENTIALIT\u00c9<\/strong><br><br><br><strong>https:\/\/www.500diables.com<\/strong><br>Aux 500 Diables<br><br>N\u00b0 SIRET : 48808742000011<br>Type de site&nbsp;: site vitrine \/ informatif\n\t<\/p><\/div><div>\n\t<p style=\"text-align:left;\"><strong><u>Le but de cette politique de confidentialit\u00e9 <\/u><\/strong><br><br>Le but de cette politique de confidentialit\u00e9 est d&rsquo;informer les utilisateurs de notre site des donn\u00e9es personnelles que nous recueillons ainsi que des informations suivantes, le cas \u00e9ch\u00e9ant :\n\t<\/p>\n\t<ol start=\"1\" class=\" list-style-type-lower-alpha\" style=\"list-style:lower-alpha;\">\n\t\t<li style=\"margin-bottom:18.0pt;\" value=\"1\"><span>Les donn\u00e9es personnelles que nous recueillerons<\/span><br>\n\t\t<\/li>\n\t\t<li style=\"margin-bottom:18.0pt;\" value=\"2\"><span>L\u2019utilisation des donn\u00e9es recueillies<\/span><br>\n\t\t<\/li>\n\t\t<li style=\"margin-bottom:18.0pt;\" value=\"3\"><span>Qui a acc\u00e8s aux donn\u00e9es recueillies<\/span><br>\n\t\t<\/li>\n\t\t<li style=\"margin-bottom:18.0pt;\" value=\"4\"><span>Les droits des utilisateurs du site<\/span><br>\n\t\t<\/li>\n\t\t<li style=\"margin-bottom:0.0pt;\" value=\"5\"><span>La politique de cookies du site<\/span><br>\n\t\t<\/li>\n\t<\/ol>\n\t<p style=\"text-align:left;\">Cette politique de confidentialit\u00e9 s&rsquo;applique en compl\u00e9ment des conditions g\u00e9n\u00e9rales d\u2019utilisation de notre site.\n\t<\/p><\/div><div>\n\t<p style=\"text-align:left;\"><strong><u>Lois applicables<\/u><\/strong>\n\t<\/p>\n\t<p style=\"text-align:left;\">Conform\u00e9ment au <em>R\u00e8glement g\u00e9n\u00e9ral sur la protection des donn\u00e9es<\/em> (RGPD), cette politique de confidentialit\u00e9 est conforme aux normes suivantes.<br><br>Les donn\u00e9es \u00e0 caract\u00e8re personnel doivent \u00eatre :\n\t<\/p>\n\t<ol start=\"1\" class=\" list-style-type-lower-alpha\" style=\"list-style:lower-alpha;\">\n\t\t<li style=\"margin-bottom:18.0pt;\" value=\"1\"><span>trait\u00e9es de mani\u00e8re licite, loyale et transparente au regard de la personne concern\u00e9e (lic\u00e9it\u00e9, loyaut\u00e9, transparence) ;<\/span><br>\n\t\t<\/li>\n\t\t<li style=\"margin-bottom:18.0pt;\" value=\"2\"><span>collect\u00e9es pour des finalit\u00e9s d\u00e9termin\u00e9es, explicites et l\u00e9gitimes, et ne pas \u00eatre trait\u00e9es ult\u00e9rieurement d&rsquo;une mani\u00e8re incompatible avec ces finalit\u00e9s; le traitement ult\u00e9rieur \u00e0 des fins archivistiques dans l&rsquo;int\u00e9r\u00eat public, \u00e0 des fins de recherche scientifique ou historique ou \u00e0 des fins statistiques n&rsquo;est pas consid\u00e9r\u00e9, conform\u00e9ment \u00e0 l&rsquo;article 89, paragraphe 1, comme incompatible avec les finalit\u00e9s initiales (limitation des finalit\u00e9s) ;<\/span><br>\n\t\t<\/li>\n\t\t<li style=\"margin-bottom:18.0pt;\" value=\"3\"><span>ad\u00e9quates, pertinentes et limit\u00e9es \u00e0 ce qui est n\u00e9cessaire au regard des finalit\u00e9s pour lesquelles elles sont trait\u00e9es (minimisation des donn\u00e9es) ;<\/span><br>\n\t\t<\/li>\n\t\t<li style=\"margin-bottom:18.0pt;\" value=\"4\"><span>exactes et, si n\u00e9cessaire, tenues \u00e0 jour; toutes les mesures raisonnables doivent \u00eatre prises pour que les donn\u00e9es \u00e0 caract\u00e8re personnel qui sont inexactes, eu \u00e9gard aux finalit\u00e9s pour lesquelles elles sont trait\u00e9es, soient effac\u00e9es ou rectifi\u00e9es sans tarder (exactitude) ;<\/span><br>\n\t\t<\/li>\n\t\t<li style=\"margin-bottom:18.0pt;\" value=\"5\"><span>conserv\u00e9es sous une forme permettant l&rsquo;identification des personnes concern\u00e9es pendant une dur\u00e9e n&rsquo;exc\u00e9dant pas celle n\u00e9cessaire au regard des finalit\u00e9s pour lesquelles elles sont trait\u00e9es; les donn\u00e9es \u00e0 caract\u00e8re personnel peuvent \u00eatre conserv\u00e9es pour des dur\u00e9es plus longues dans la mesure o\u00f9 elles seront trait\u00e9es exclusivement \u00e0 des fins archivistiques dans l&rsquo;int\u00e9r\u00eat public, \u00e0 des fins de recherche scientifique ou historique ou \u00e0 des fins statistiques conform\u00e9ment \u00e0 l&rsquo;article 89, paragraphe 1, pour autant que soient mises en \u0153uvre les mesures techniques et organisationnelles appropri\u00e9es requises par le r\u00e8glement afin de garantir les droits et libert\u00e9s de la personne concern\u00e9e (limitation de la conservation) ;<\/span><br>\n\t\t<\/li>\n\t\t<li style=\"margin-bottom:0.0pt;\" value=\"6\"><span>trait\u00e9es de fa\u00e7on \u00e0 garantir une s\u00e9curit\u00e9 appropri\u00e9e des donn\u00e9es \u00e0 caract\u00e8re personnel, y compris la protection contre le traitement non autoris\u00e9 ou illicite et contre la perte, la destruction ou les d\u00e9g\u00e2ts d&rsquo;origine accidentelle, \u00e0 l&rsquo;aide de mesures techniques ou organisationnelles appropri\u00e9es (int\u00e9grit\u00e9 et confidentialit\u00e9).<br><\/span><br>\n\t\t<\/li>\n\t<\/ol>\n\t<p style=\"text-align:left;\">Le traitement n&rsquo;est licite que si, et dans la mesure o\u00f9, au moins une des conditions suivantes est remplie :\n\t<\/p>\n\t<ol start=\"1\" class=\" list-style-type-lower-alpha\" style=\"list-style:lower-alpha;\">\n\t\t<li style=\"margin-bottom:18.0pt;\" value=\"1\"><span>la personne concern\u00e9e a consenti au traitement de ses donn\u00e9es \u00e0 caract\u00e8re personnel pour une ou plusieurs finalit\u00e9s sp\u00e9cifiques ;<\/span><br>\n\t\t<\/li>\n\t\t<li style=\"margin-bottom:18.0pt;\" value=\"2\"><span>le traitement est n\u00e9cessaire \u00e0 l&rsquo;ex\u00e9cution d&rsquo;un contrat auquel la personne concern\u00e9e est partie ou \u00e0 l&rsquo;ex\u00e9cution de mesures pr\u00e9contractuelles prises \u00e0 la demande de celle-ci ;<\/span><br>\n\t\t<\/li>\n\t\t<li style=\"margin-bottom:18.0pt;\" value=\"3\"><span>le traitement est n\u00e9cessaire au respect d&rsquo;une obligation l\u00e9gale \u00e0 laquelle le responsable du traitement est soumis ;<\/span><br>\n\t\t<\/li>\n\t\t<li style=\"margin-bottom:18.0pt;\" value=\"4\"><span>le traitement est n\u00e9cessaire \u00e0 la sauvegarde des int\u00e9r\u00eats vitaux de la personne concern\u00e9e ou d&rsquo;une autre personne physique ;<\/span><br>\n\t\t<\/li>\n\t\t<li style=\"margin-bottom:18.0pt;\" value=\"5\"><span>le traitement est n\u00e9cessaire \u00e0 l&rsquo;ex\u00e9cution d&rsquo;une mission d&rsquo;int\u00e9r\u00eat public ou relevant de l&rsquo;exercice de l&rsquo;autorit\u00e9 publique dont est investi le responsable du traitement ;<\/span><br>\n\t\t<\/li>\n\t\t<li style=\"margin-bottom:0.0pt;\" value=\"6\"><span>le traitement est n\u00e9cessaire aux fins des int\u00e9r\u00eats l\u00e9gitimes poursuivis par le responsable du traitement ou par un tiers, \u00e0 moins que ne pr\u00e9valent les int\u00e9r\u00eats ou les libert\u00e9s et droits fondamentaux de la personne concern\u00e9e qui exigent une protection des donn\u00e9es \u00e0 caract\u00e8re personnel, notamment lorsque la personne concern\u00e9e est un enfant.<\/span><br>\n\t\t<\/li>\n\t<\/ol>\n\t<p style=\"text-align:left;\">Pour les r\u00e9sidents de l\u2019\u00c9tat de Californie, cette politique de confidentialit\u00e9 vise \u00e0 se conformer \u00e0 la <em>California Consumer Privacy Act (CCPA)<\/em>. S\u2019il y a des incoh\u00e9rences entre ce document et la <em>CCPA<\/em>, la l\u00e9gislation de l\u2019\u00c9tat s\u2019appliquera. Si nous constatons des incoh\u00e9rences, nous modifierons notre politique pour nous conformer \u00e0 la loi pertinente.\n\t<\/p><\/div><div>\n\t<p style=\"text-align:left;\"><strong><u>Consentement<\/u><\/strong><br><br>Les utilisateurs conviennent qu\u2019en utilisant notre site, ils acceptent :\n\t<\/p>\n\t<ol start=\"1\" class=\" list-style-type-lower-alpha\" style=\"list-style:lower-alpha;\">\n\t\t<li style=\"margin-bottom:18.0pt;\" value=\"1\"><span>les conditions \u00e9nonc\u00e9es dans la pr\u00e9sente politique de confidentialit\u00e9 et<\/span><br>\n\t\t<\/li>\n\t\t<li style=\"margin-bottom:0.0pt;\" value=\"2\"><span>la collecte, l\u2019utilisation et la conservation des donn\u00e9es \u00e9num\u00e9r\u00e9es dans la pr\u00e9sente politique.<\/span><br>\n\t\t<\/li>\n\t<\/ol><\/div><div>\n\t<p style=\"text-align:left;\"><strong><u>Donn\u00e9es personnelles que nous collectons<\/u><\/strong>\n\t<\/p><div>\n\t<p style=\"text-align:left;\">Nous ne collectons, ne stockons, ni n&rsquo;utilisons aucune donn\u00e9e utilisateur sur notre site. Dans l&rsquo;\u00e9ventualit\u00e9 o\u00f9 nous aurions besoin de recueillir vos donn\u00e9es, nous vous en informerons \u00e0 l&rsquo;avance.\n\t<\/p><\/div><\/div><div>\n\t<p style=\"text-align:left;\"><strong><u>Politique sur les cookies<\/u><\/strong><br><br>Un cookies est un petit fichier stock\u00e9 sur le disque dur d\u2019un utilisateur par un site. Il permet de collecter des donn\u00e9es concernant les habitudes de navigation et les interactions de l\u2019utilisateur avec le site.\n\t<\/p>\n\t<p style=\"text-align:left;\">Nous utilisons les types de cookies suivants sur notre site&nbsp;:\n\t<\/p>\n\t<ol start=\"1\" class=\" list-style-type-lower-alpha\" style=\"list-style:lower-alpha;\">\n\t\t<li style=\"margin-bottom:18.0pt;\" value=\"1\"><strong><span>Cookies fonctionnels<\/span><\/strong><br>Nous les utilisons pour m\u00e9moriser toutes les s\u00e9lections que vous faites sur notre site afin qu\u2019elles soient sauvegard\u00e9es pour vos prochaines visites.<br>\n\t\t<\/li>\n\t\t<li style=\"margin-bottom:18.0pt;\" value=\"2\"><strong><span>Cookies analytiques<\/span><\/strong><br>Cela nous permet d\u2019am\u00e9liorer la conception et la fonctionnalit\u00e9 de notre site en recueillant des donn\u00e9es sur le contenu auquel vous acc\u00e9dez et que vous consultez en utilisant notre site.<br>\n\t\t<\/li>\n\t\t<li style=\"margin-bottom:0.0pt;\" value=\"3\"><strong><span>Cookies de ciblage<\/span><\/strong><br>Ces cookies collectent des donn\u00e9es sur la fa\u00e7on dont vous utilisez le site et vos pr\u00e9f\u00e9rences. Cela nous permet de rendre les informations que vous voyez sur notre site plus promotionnelles et cibl\u00e9es pour vous.<br>\n\t\t<\/li>\n\t<\/ol>\n\t<p style=\"text-align:left;\">Vous pouvez choisir d\u2019\u00eatre averti chaque fois qu\u2019un cookie est transmis ou de d\u00e9sactiver compl\u00e8tement les cookies en modifiant les param\u00e8tres de votre navigateur Internet. Cependant, veuillez noter que cela pourrait affecter certaines fonctionnalit\u00e9s du site et diminuer la qualit\u00e9 de votre exp\u00e9rience utilisateur.\n\t<\/p><\/div><div>\n\t<p style=\"text-align:left;\"><strong><u>Cookies tiers<\/u><\/strong><br><br>Nous pouvons utiliser des cookies tiers sur notre site pour atteindre les objectifs suivants&nbsp;:\n\t<\/p>\n\t<ol start=\"1\">\n\t\t<li style=\"margin-bottom:0.0pt;\" value=\"1\"><span>Analyser le comprtement des utilisateurs du site<\/span><br>\n\t\t<\/li>\n\t<\/ol><\/div><div>\n\t<p style=\"text-align:left;\"><strong><u>Modifications<\/u><\/strong>\n\t<\/p>\n\t<p style=\"text-align:left;\">Cette politique de confidentialit\u00e9 peut \u00eatre modifi\u00e9e \u00e0 de temps \u00e0 autre afin de maintenir la conformit\u00e9 avec la loi et de tenir compte de tout changement \u00e0 notre processus de collecte de donn\u00e9es. Nous recommandons \u00e0 nos utilisateurs de v\u00e9rifier notre politique de confidentialit\u00e9 de temps \u00e0 autre pour s\u2019assurer qu\u2019ils soient inform\u00e9s de toute mise \u00e0 jour. Au besoin, nous pouvons informer les utilisateurs par courriel des changements apport\u00e9s \u00e0 cette politique.\n\t<\/p><\/div><div>\n\t<p style=\"text-align:left;\"><strong><u>Contact<\/u><\/strong>\n\t<\/p>\n\t<p style=\"text-align:left;\">Si vous avez des questions \u00e0 nous poser, n\u2019h\u00e9sitez pas \u00e0 communiquer avec nous en utilisant ce qui suit&nbsp;:<br>04 73 88 81 71<br>500diables@gmail.com<br>31 Rte de Chambon des Neiges, 63790 Chambon-sur-Lac, France\n\t<\/p><\/div>\n\t<p style=\"text-align:left;\"><br><em>Date d\u2019entr\u00e9e en vigueur de la pr\u00e9sente politique&nbsp;: <\/em>le 7 juin 2025\n\t<\/p><\/div>\t\t\t\t\t\t<\/div>\n\t\t\t\t<\/div>\n\t\t\t\t\t<\/div>\n\t\t<\/div>\n\t\t\t\t\t\t\t<\/div>\n\t\t<\/section>\n\t\t\t\t\t\t\t<\/div>\n\t\t","protected":false},"excerpt":{"rendered":"<p>POLITIQUE DE CONFIDENTIALIT\u00c9 https:\/\/www.500diables.comAux 500 Diables N\u00b0 SIRET : 48808742000011Type de site&nbsp;: site vitrine \/ informatif Le but de cette politique de confidentialit\u00e9 Le but de cette politique de confidentialit\u00e9 est d&rsquo;informer les utilisateurs de notre site des donn\u00e9es personnelles que nous recueillons ainsi que des informations suivantes, le cas \u00e9ch\u00e9ant : Les donn\u00e9es personnelles [&hellip;]<\/p>\n","protected":false},"author":1,"featured_media":0,"parent":0,"menu_order":0,"comment_status":"closed","ping_status":"closed","template":"","meta":{"inline_featured_image":false},"yoast_head":"<!-- This site is optimized with the Yoast SEO plugin v20.11 - https:\/\/yoast.com\/wordpress\/plugins\/seo\/ -->\n<title>Mentions l\u00e9gales - 500 Diables<\/title>\n<meta name=\"robots\" content=\"index, follow, max-snippet:-1, max-image-preview:large, max-video-preview:-1\" \/>\n<link rel=\"canonical\" href=\"https:\/\/www.500diables.com\/tentes-bulles\/mentions-legales\/\" \/>\n<meta property=\"og:locale\" content=\"fr_FR\" \/>\n<meta property=\"og:type\" content=\"article\" \/>\n<meta property=\"og:title\" content=\"Mentions l\u00e9gales - 500 Diables\" \/>\n<meta property=\"og:description\" content=\"POLITIQUE DE CONFIDENTIALIT\u00c9 https:\/\/www.500diables.comAux 500 Diables N\u00b0 SIRET : 48808742000011Type de site&nbsp;: site vitrine \/ informatif Le but de cette politique de confidentialit\u00e9 Le but de cette politique de confidentialit\u00e9 est d&rsquo;informer les utilisateurs de notre site des donn\u00e9es personnelles que nous recueillons ainsi que des informations suivantes, le cas \u00e9ch\u00e9ant : Les donn\u00e9es personnelles [&hellip;]\" \/>\n<meta property=\"og:url\" content=\"https:\/\/www.500diables.com\/tentes-bulles\/mentions-legales\/\" \/>\n<meta property=\"og:site_name\" content=\"500 Diables\" \/>\n<meta property=\"article:modified_time\" content=\"2025-06-07T13:25:11+00:00\" \/>\n<meta name=\"twitter:card\" content=\"summary_large_image\" \/>\n<meta name=\"twitter:label1\" content=\"Est. reading time\" \/>\n\t<meta name=\"twitter:data1\" content=\"6 minutes\" \/>\n<script type=\"application\/ld+json\" class=\"yoast-schema-graph\">{\"@context\":\"https:\/\/schema.org\",\"@graph\":[{\"@type\":\"WebPage\",\"@id\":\"https:\/\/www.500diables.com\/tentes-bulles\/mentions-legales\/\",\"url\":\"https:\/\/www.500diables.com\/tentes-bulles\/mentions-legales\/\",\"name\":\"Mentions l\u00e9gales - 500 Diables\",\"isPartOf\":{\"@id\":\"https:\/\/www.500diables.com\/tentes-bulles\/#website\"},\"datePublished\":\"2023-07-13T08:57:54+00:00\",\"dateModified\":\"2025-06-07T13:25:11+00:00\",\"breadcrumb\":{\"@id\":\"https:\/\/www.500diables.com\/tentes-bulles\/mentions-legales\/#breadcrumb\"},\"inLanguage\":\"fr-FR\",\"potentialAction\":[{\"@type\":\"ReadAction\",\"target\":[\"https:\/\/www.500diables.com\/tentes-bulles\/mentions-legales\/\"]}]},{\"@type\":\"BreadcrumbList\",\"@id\":\"https:\/\/www.500diables.com\/tentes-bulles\/mentions-legales\/#breadcrumb\",\"itemListElement\":[{\"@type\":\"ListItem\",\"position\":1,\"name\":\"Home\",\"item\":\"https:\/\/www.500diables.com\/tentes-bulles\/\"},{\"@type\":\"ListItem\",\"position\":2,\"name\":\"Mentions l\u00e9gales\"}]},{\"@type\":\"WebSite\",\"@id\":\"https:\/\/www.500diables.com\/tentes-bulles\/#website\",\"url\":\"https:\/\/www.500diables.com\/tentes-bulles\/\",\"name\":\"500 Diables\",\"description\":\"Auberge\",\"publisher\":{\"@id\":\"https:\/\/www.500diables.com\/tentes-bulles\/#organization\"},\"potentialAction\":[{\"@type\":\"SearchAction\",\"target\":{\"@type\":\"EntryPoint\",\"urlTemplate\":\"https:\/\/www.500diables.com\/tentes-bulles\/?s={search_term_string}\"},\"query-input\":\"required name=search_term_string\"}],\"inLanguage\":\"fr-FR\"},{\"@type\":\"Organization\",\"@id\":\"https:\/\/www.500diables.com\/tentes-bulles\/#organization\",\"name\":\"500 Diables\",\"url\":\"https:\/\/www.500diables.com\/tentes-bulles\/\",\"logo\":{\"@type\":\"ImageObject\",\"inLanguage\":\"fr-FR\",\"@id\":\"https:\/\/www.500diables.com\/tentes-bulles\/#\/schema\/logo\/image\/\",\"url\":\"https:\/\/www.500diables.com\/tentes-bulles\/wp-content\/uploads\/2023\/07\/logo-1.png\",\"contentUrl\":\"https:\/\/www.500diables.com\/tentes-bulles\/wp-content\/uploads\/2023\/07\/logo-1.png\",\"width\":212,\"height\":84,\"caption\":\"500 Diables\"},\"image\":{\"@id\":\"https:\/\/www.500diables.com\/tentes-bulles\/#\/schema\/logo\/image\/\"}}]}<\/script>\n<!-- \/ Yoast SEO plugin. -->","yoast_head_json":{"title":"Mentions l\u00e9gales - 500 Diables","robots":{"index":"index","follow":"follow","max-snippet":"max-snippet:-1","max-image-preview":"max-image-preview:large","max-video-preview":"max-video-preview:-1"},"canonical":"https:\/\/www.500diables.com\/tentes-bulles\/mentions-legales\/","og_locale":"fr_FR","og_type":"article","og_title":"Mentions l\u00e9gales - 500 Diables","og_description":"POLITIQUE DE CONFIDENTIALIT\u00c9 https:\/\/www.500diables.comAux 500 Diables N\u00b0 SIRET : 48808742000011Type de site&nbsp;: site vitrine \/ informatif Le but de cette politique de confidentialit\u00e9 Le but de cette politique de confidentialit\u00e9 est d&rsquo;informer les utilisateurs de notre site des donn\u00e9es personnelles que nous recueillons ainsi que des informations suivantes, le cas \u00e9ch\u00e9ant : Les donn\u00e9es personnelles [&hellip;]","og_url":"https:\/\/www.500diables.com\/tentes-bulles\/mentions-legales\/","og_site_name":"500 Diables","article_modified_time":"2025-06-07T13:25:11+00:00","twitter_card":"summary_large_image","twitter_misc":{"Est. reading time":"6 minutes"},"schema":{"@context":"https:\/\/schema.org","@graph":[{"@type":"WebPage","@id":"https:\/\/www.500diables.com\/tentes-bulles\/mentions-legales\/","url":"https:\/\/www.500diables.com\/tentes-bulles\/mentions-legales\/","name":"Mentions l\u00e9gales - 500 Diables","isPartOf":{"@id":"https:\/\/www.500diables.com\/tentes-bulles\/#website"},"datePublished":"2023-07-13T08:57:54+00:00","dateModified":"2025-06-07T13:25:11+00:00","breadcrumb":{"@id":"https:\/\/www.500diables.com\/tentes-bulles\/mentions-legales\/#breadcrumb"},"inLanguage":"fr-FR","potentialAction":[{"@type":"ReadAction","target":["https:\/\/www.500diables.com\/tentes-bulles\/mentions-legales\/"]}]},{"@type":"BreadcrumbList","@id":"https:\/\/www.500diables.com\/tentes-bulles\/mentions-legales\/#breadcrumb","itemListElement":[{"@type":"ListItem","position":1,"name":"Home","item":"https:\/\/www.500diables.com\/tentes-bulles\/"},{"@type":"ListItem","position":2,"name":"Mentions l\u00e9gales"}]},{"@type":"WebSite","@id":"https:\/\/www.500diables.com\/tentes-bulles\/#website","url":"https:\/\/www.500diables.com\/tentes-bulles\/","name":"500 Diables","description":"Auberge","publisher":{"@id":"https:\/\/www.500diables.com\/tentes-bulles\/#organization"},"potentialAction":[{"@type":"SearchAction","target":{"@type":"EntryPoint","urlTemplate":"https:\/\/www.500diables.com\/tentes-bulles\/?s={search_term_string}"},"query-input":"required name=search_term_string"}],"inLanguage":"fr-FR"},{"@type":"Organization","@id":"https:\/\/www.500diables.com\/tentes-bulles\/#organization","name":"500 Diables","url":"https:\/\/www.500diables.com\/tentes-bulles\/","logo":{"@type":"ImageObject","inLanguage":"fr-FR","@id":"https:\/\/www.500diables.com\/tentes-bulles\/#\/schema\/logo\/image\/","url":"https:\/\/www.500diables.com\/tentes-bulles\/wp-content\/uploads\/2023\/07\/logo-1.png","contentUrl":"https:\/\/www.500diables.com\/tentes-bulles\/wp-content\/uploads\/2023\/07\/logo-1.png","width":212,"height":84,"caption":"500 Diables"},"image":{"@id":"https:\/\/www.500diables.com\/tentes-bulles\/#\/schema\/logo\/image\/"}}]}},"_links":{"self":[{"href":"https:\/\/www.500diables.com\/tentes-bulles\/wp-json\/wp\/v2\/pages\/50"}],"collection":[{"href":"https:\/\/www.500diables.com\/tentes-bulles\/wp-json\/wp\/v2\/pages"}],"about":[{"href":"https:\/\/www.500diables.com\/tentes-bulles\/wp-json\/wp\/v2\/types\/page"}],"author":[{"embeddable":true,"href":"https:\/\/www.500diables.com\/tentes-bulles\/wp-json\/wp\/v2\/users\/1"}],"replies":[{"embeddable":true,"href":"https:\/\/www.500diables.com\/tentes-bulles\/wp-json\/wp\/v2\/comments?post=50"}],"version-history":[{"count":4,"href":"https:\/\/www.500diables.com\/tentes-bulles\/wp-json\/wp\/v2\/pages\/50\/revisions"}],"predecessor-version":[{"id":1153,"href":"https:\/\/www.500diables.com\/tentes-bulles\/wp-json\/wp\/v2\/pages\/50\/revisions\/1153"}],"wp:attachment":[{"href":"https:\/\/www.500diables.com\/tentes-bulles\/wp-json\/wp\/v2\/media?parent=50"}],"curies":[{"name":"wp","href":"https:\/\/api.w.org\/{rel}","templated":true}]}}